{"id":4945,"date":"2014-10-25T22:58:59","date_gmt":"2014-10-25T20:58:59","guid":{"rendered":"http:\/\/tinaengel.com\/?page_id=4945&#038;lang=de"},"modified":"2019-01-24T18:32:59","modified_gmt":"2019-01-24T17:32:59","slug":"referenzen","status":"publish","type":"page","link":"https:\/\/madewithaloha.de\/en\/referenzen\/","title":{"rendered":"Referenzen"},"content":{"rendered":"<p><a href=\"https:\/\/www.westwing.de\/\">Westwing\u00a0<\/a><\/p>\n<p>Fotografie: Anca Savascu, \u00a9Westwing \/ Foodstyling: Tina Engel<\/p>\n<p><img loading=\"lazy\" decoding=\"async\" class=\"alignleft size-full wp-image-11923\" src=\"https:\/\/madewithaloha.de\/wp-content\/uploads\/2018\/06\/KitchenAid_Pink_CI-1_Final-1.jpg\" alt=\"\" width=\"900\" height=\"500\" srcset=\"https:\/\/madewithaloha.de\/wp-content\/uploads\/2018\/06\/KitchenAid_Pink_CI-1_Final-1.jpg 900w, https:\/\/madewithaloha.de\/wp-content\/uploads\/2018\/06\/KitchenAid_Pink_CI-1_Final-1-768x427.jpg 768w, https:\/\/madewithaloha.de\/wp-content\/uploads\/2018\/06\/KitchenAid_Pink_CI-1_Final-1-150x83.jpg 150w, https:\/\/madewithaloha.de\/wp-content\/uploads\/2018\/06\/KitchenAid_Pink_CI-1_Final-1-600x333.jpg 600w\" sizes=\"auto, (max-width: 900px) 100vw, 900px\" \/><\/p>\n<p><img loading=\"lazy\" decoding=\"async\" class=\"alignleft size-full wp-image-11919\" src=\"https:\/\/madewithaloha.de\/wp-content\/uploads\/2018\/06\/KitchenAid_Pink_Mood_Final.jpg\" alt=\"\" width=\"900\" height=\"500\" srcset=\"https:\/\/madewithaloha.de\/wp-content\/uploads\/2018\/06\/KitchenAid_Pink_Mood_Final.jpg 900w, https:\/\/madewithaloha.de\/wp-content\/uploads\/2018\/06\/KitchenAid_Pink_Mood_Final-768x427.jpg 768w, https:\/\/madewithaloha.de\/wp-content\/uploads\/2018\/06\/KitchenAid_Pink_Mood_Final-150x83.jpg 150w, https:\/\/madewithaloha.de\/wp-content\/uploads\/2018\/06\/KitchenAid_Pink_Mood_Final-600x333.jpg 600w\" sizes=\"auto, (max-width: 900px) 100vw, 900px\" \/><\/p>\n<p>&nbsp;<\/p>\n<p>&nbsp;<\/p>\n<p>&nbsp;<\/p>\n<p><a href=\"https:\/\/verlagshaus24.de\/christian\">Christian Verlag<\/a><\/p>\n<p><a href=\"https:\/\/www.amazon.de\/Familienkochbuch-Familienk\u00fcchengl\u00fcck-Gerichte-schmecken-Familienk\u00fcche\/dp\/3959611331\"><span style=\"text-decoration: underline;\"><strong>Familien K\u00fcchengl\u00fcck,<\/strong><\/span><\/a> <strong>Sarah Schocke und Alexander D\u00f6lle<\/strong><\/p>\n<p>Food-Fotografie: Tina Engel<\/p>\n<p><img loading=\"lazy\" decoding=\"async\" class=\"alignnone size-full wp-image-11485\" src=\"https:\/\/madewithaloha.de\/wp-content\/uploads\/2018\/04\/Familienk\u00fcchengl\u00fcck-1.jpg\" alt=\"Familienk\u00fcchengl\u00fcck\" width=\"900\" height=\"1222\" \/><\/p>\n<p>&nbsp;<\/p>\n<p><strong><a href=\"https:\/\/verlagshaus24.de\/essen-und-trinken\/kochen\/tajine-international\">Tajine International<\/a>, Jochen Walter<\/strong><\/p>\n<p>Food-Fotografie: Tina Engel<\/p>\n<p><strong><a href=\"https:\/\/verlagshaus24.de\/essen-und-trinken\/kochen\/smart-aging\"><img loading=\"lazy\" decoding=\"async\" class=\"alignnone size-full wp-image-9917\" src=\"https:\/\/madewithaloha.de\/wp-content\/uploads\/2017\/12\/Cover.jpg\" alt=\"Tajine Book\" width=\"1024\" height=\"1542\" srcset=\"https:\/\/madewithaloha.de\/wp-content\/uploads\/2017\/12\/Cover.jpg 1024w, https:\/\/madewithaloha.de\/wp-content\/uploads\/2017\/12\/Cover-664x1000.jpg 664w, https:\/\/madewithaloha.de\/wp-content\/uploads\/2017\/12\/Cover-768x1157.jpg 768w, https:\/\/madewithaloha.de\/wp-content\/uploads\/2017\/12\/Cover-680x1024.jpg 680w, https:\/\/madewithaloha.de\/wp-content\/uploads\/2017\/12\/Cover-150x226.jpg 150w, https:\/\/madewithaloha.de\/wp-content\/uploads\/2017\/12\/Cover-600x904.jpg 600w, https:\/\/madewithaloha.de\/wp-content\/uploads\/2017\/12\/Cover-458x690.jpg 458w\" sizes=\"auto, (max-width: 1024px) 100vw, 1024px\" \/><\/a><\/strong><\/p>\n<p>&nbsp;<\/p>\n<p><strong><a href=\"https:\/\/verlagshaus24.de\/essen-und-trinken\/kochen\/smart-aging\">Smart Aging<\/a>, Marion Grillparzer<\/strong><\/p>\n<p>Food-Fotografie: Tina Engel<\/p>\n<p><em><img loading=\"lazy\" decoding=\"async\" class=\"aligncenter size-full wp-image-9477\" src=\"https:\/\/madewithaloha.de\/wp-content\/uploads\/2017\/03\/TitelSmartAgingWEB.jpg\" alt=\"Titel Smart Aging\" width=\"700\" height=\"830\" srcset=\"https:\/\/madewithaloha.de\/wp-content\/uploads\/2017\/03\/TitelSmartAgingWEB.jpg 700w, https:\/\/madewithaloha.de\/wp-content\/uploads\/2017\/03\/TitelSmartAgingWEB-150x178.jpg 150w, https:\/\/madewithaloha.de\/wp-content\/uploads\/2017\/03\/TitelSmartAgingWEB-600x711.jpg 600w\" sizes=\"auto, (max-width: 700px) 100vw, 700px\" \/><\/em><\/p>\n<p>&nbsp;<\/p>\n<p><a href=\"https:\/\/verlagshaus24.de\/essen-und-trinken\/kochschulen\/die-einmach-bibel\">Christian Verlag<\/a><\/p>\n<p><strong>Die Einmachbibel<\/strong><\/p>\n<p>Fotografie: <a href=\"http:\/\/sandraeckhardt.de\">Sandra Eckhardt<\/a> \u00a0\/ Foodstyling: Tina Engel<\/p>\n<p><em><img loading=\"lazy\" decoding=\"async\" class=\"aligncenter size-full wp-image-9546\" src=\"https:\/\/madewithaloha.de\/wp-content\/uploads\/2014\/10\/Einmachbibel.jpg\" alt=\"Einmachbibel\" width=\"700\" height=\"942\" srcset=\"https:\/\/madewithaloha.de\/wp-content\/uploads\/2014\/10\/Einmachbibel.jpg 700w, https:\/\/madewithaloha.de\/wp-content\/uploads\/2014\/10\/Einmachbibel-150x202.jpg 150w, https:\/\/madewithaloha.de\/wp-content\/uploads\/2014\/10\/Einmachbibel-600x807.jpg 600w\" sizes=\"auto, (max-width: 700px) 100vw, 700px\" \/><\/em><\/p>\n<p><em>\u00a0<\/em><a href=\"http:\/\/sandraeckhardt.de\" target=\"_blank\" rel=\"noopener\">Sandra Eckhardt Photography<\/a><\/p>\n<p><strong>Citrus:<\/strong><br \/>\n<a href=\"https:\/\/madewithaloha.de\/wp-content\/uploads\/2014\/10\/Untitled-4.jpg\"><img loading=\"lazy\" decoding=\"async\" class=\"aligncenter size-full wp-image-1756\" src=\"https:\/\/madewithaloha.de\/wp-content\/uploads\/2014\/10\/Untitled-4.jpg\" alt=\"fennel orange salad with lamp chops\" width=\"700\" height=\"525\" srcset=\"https:\/\/madewithaloha.de\/wp-content\/uploads\/2014\/10\/Untitled-4.jpg 700w, https:\/\/madewithaloha.de\/wp-content\/uploads\/2014\/10\/Untitled-4-300x225.jpg 300w\" sizes=\"auto, (max-width: 700px) 100vw, 700px\" \/><\/a><a href=\"https:\/\/madewithaloha.de\/wp-content\/uploads\/2014\/10\/Untitled-2.jpg\"><img loading=\"lazy\" decoding=\"async\" class=\"aligncenter size-full wp-image-1754\" src=\"https:\/\/madewithaloha.de\/wp-content\/uploads\/2014\/10\/Untitled-2.jpg\" alt=\"Pasta with lemon avocado sauce\" width=\"700\" height=\"525\" srcset=\"https:\/\/madewithaloha.de\/wp-content\/uploads\/2014\/10\/Untitled-2.jpg 700w, https:\/\/madewithaloha.de\/wp-content\/uploads\/2014\/10\/Untitled-2-300x225.jpg 300w\" sizes=\"auto, (max-width: 700px) 100vw, 700px\" \/><\/a><a href=\"https:\/\/madewithaloha.de\/wp-content\/uploads\/2014\/10\/Untitled-11.jpg\"><img loading=\"lazy\" decoding=\"async\" class=\"aligncenter size-full wp-image-1753\" src=\"https:\/\/madewithaloha.de\/wp-content\/uploads\/2014\/10\/Untitled-11.jpg\" alt=\"Pasta with lemon avocado sauce\" width=\"700\" height=\"525\" srcset=\"https:\/\/madewithaloha.de\/wp-content\/uploads\/2014\/10\/Untitled-11.jpg 700w, https:\/\/madewithaloha.de\/wp-content\/uploads\/2014\/10\/Untitled-11-300x225.jpg 300w\" sizes=\"auto, (max-width: 700px) 100vw, 700px\" \/><\/a><a href=\"https:\/\/madewithaloha.de\/wp-content\/uploads\/2014\/10\/Untitled-3.jpg\"><img loading=\"lazy\" decoding=\"async\" class=\"aligncenter size-full wp-image-1755\" src=\"https:\/\/madewithaloha.de\/wp-content\/uploads\/2014\/10\/Untitled-3.jpg\" alt=\"Untitled-3\" width=\"700\" height=\"525\" srcset=\"https:\/\/madewithaloha.de\/wp-content\/uploads\/2014\/10\/Untitled-3.jpg 700w, https:\/\/madewithaloha.de\/wp-content\/uploads\/2014\/10\/Untitled-3-300x225.jpg 300w\" sizes=\"auto, (max-width: 700px) 100vw, 700px\" \/><\/a><\/p>\n<p>&nbsp;<\/p>\n<p>&nbsp;<\/p>\n<p><strong>Donna:<\/strong><\/p>\n<p><a href=\"https:\/\/madewithaloha.de\/wp-content\/uploads\/2014\/10\/Donna1.jpg\"><img loading=\"lazy\" decoding=\"async\" class=\"aligncenter size-full wp-image-2652\" src=\"https:\/\/madewithaloha.de\/wp-content\/uploads\/2014\/10\/Donna1.jpg\" alt=\"Donna1\" width=\"700\" height=\"525\" srcset=\"https:\/\/madewithaloha.de\/wp-content\/uploads\/2014\/10\/Donna1.jpg 700w, https:\/\/madewithaloha.de\/wp-content\/uploads\/2014\/10\/Donna1-300x225.jpg 300w\" sizes=\"auto, (max-width: 700px) 100vw, 700px\" \/><\/a><\/p>\n<p><a href=\"https:\/\/madewithaloha.de\/wp-content\/uploads\/2014\/10\/Donna2.jpg\"><img loading=\"lazy\" decoding=\"async\" class=\"aligncenter size-full wp-image-2653\" src=\"https:\/\/madewithaloha.de\/wp-content\/uploads\/2014\/10\/Donna2.jpg\" alt=\"Donna2\" width=\"700\" height=\"525\" srcset=\"https:\/\/madewithaloha.de\/wp-content\/uploads\/2014\/10\/Donna2.jpg 700w, https:\/\/madewithaloha.de\/wp-content\/uploads\/2014\/10\/Donna2-300x225.jpg 300w\" sizes=\"auto, (max-width: 700px) 100vw, 700px\" \/><\/a><\/p>\n<p><a href=\"https:\/\/madewithaloha.de\/wp-content\/uploads\/2014\/10\/spargelerdbeere_mousse05291.jpg\"><img loading=\"lazy\" decoding=\"async\" class=\" wp-image-2654 size-full aligncenter\" src=\"https:\/\/madewithaloha.de\/wp-content\/uploads\/2014\/10\/spargelerdbeere_mousse05291.jpg\" alt=\"spargelerdbeere_mousse0529\" width=\"350\" height=\"525\" srcset=\"https:\/\/madewithaloha.de\/wp-content\/uploads\/2014\/10\/spargelerdbeere_mousse05291.jpg 350w, https:\/\/madewithaloha.de\/wp-content\/uploads\/2014\/10\/spargelerdbeere_mousse05291-200x300.jpg 200w\" sizes=\"auto, (max-width: 350px) 100vw, 350px\" \/><\/a><\/p>\n<p>&nbsp;<\/p>\n<p>&nbsp;<\/p>\n<p>&nbsp;<\/p>\n<p>&nbsp;<\/p>\n<p><a href=\"http:\/\/www.studio-pretzl.de\" target=\"_blank\" rel=\"noopener\">Guido Pretzl<\/a><\/p>\n<p><a href=\"https:\/\/madewithaloha.de\/wp-content\/uploads\/2014\/10\/Lidl-Flugblatt-Lachs-2.jpg\"><img loading=\"lazy\" decoding=\"async\" class=\"aligncenter wp-image-6998\" src=\"https:\/\/madewithaloha.de\/wp-content\/uploads\/2014\/10\/Lidl-Flugblatt-Lachs-2.jpg\" alt=\"Lidl Flugblatt Lachs 2\" width=\"700\" height=\"525\" srcset=\"https:\/\/madewithaloha.de\/wp-content\/uploads\/2014\/10\/Lidl-Flugblatt-Lachs-2.jpg 1476w, https:\/\/madewithaloha.de\/wp-content\/uploads\/2014\/10\/Lidl-Flugblatt-Lachs-2-300x225.jpg 300w, https:\/\/madewithaloha.de\/wp-content\/uploads\/2014\/10\/Lidl-Flugblatt-Lachs-2-1024x767.jpg 1024w\" sizes=\"auto, (max-width: 700px) 100vw, 700px\" \/><\/a><\/p>\n<p><a href=\"https:\/\/madewithaloha.de\/wp-content\/uploads\/2014\/10\/Lidl-Flugblatt-Lachs-1.jpg\"><img loading=\"lazy\" decoding=\"async\" class=\"wp-image-6996 aligncenter\" src=\"https:\/\/madewithaloha.de\/wp-content\/uploads\/2014\/10\/Lidl-Flugblatt-Lachs-1.jpg\" alt=\"Lidl Flugblatt Lachs 1\" width=\"700\" height=\"525\" srcset=\"https:\/\/madewithaloha.de\/wp-content\/uploads\/2014\/10\/Lidl-Flugblatt-Lachs-1.jpg 1476w, https:\/\/madewithaloha.de\/wp-content\/uploads\/2014\/10\/Lidl-Flugblatt-Lachs-1-300x225.jpg 300w, https:\/\/madewithaloha.de\/wp-content\/uploads\/2014\/10\/Lidl-Flugblatt-Lachs-1-1024x767.jpg 1024w\" sizes=\"auto, (max-width: 700px) 100vw, 700px\" \/><\/a><\/p>\n<p>&nbsp;<\/p>\n<p><a href=\"https:\/\/madewithaloha.de\/wp-content\/uploads\/2014\/10\/Lidl1.jpg\"><img loading=\"lazy\" decoding=\"async\" class=\"aligncenter size-full wp-image-2657\" src=\"https:\/\/madewithaloha.de\/wp-content\/uploads\/2014\/10\/Lidl1.jpg\" alt=\"Lidl\" width=\"700\" height=\"467\" srcset=\"https:\/\/madewithaloha.de\/wp-content\/uploads\/2014\/10\/Lidl1.jpg 700w, https:\/\/madewithaloha.de\/wp-content\/uploads\/2014\/10\/Lidl1-300x200.jpg 300w\" sizes=\"auto, (max-width: 700px) 100vw, 700px\" \/><\/a><\/p>\n<p><a href=\"https:\/\/madewithaloha.de\/wp-content\/uploads\/2014\/10\/Lidl2.jpg\"><img loading=\"lazy\" decoding=\"async\" class=\"aligncenter size-full wp-image-2658\" src=\"https:\/\/madewithaloha.de\/wp-content\/uploads\/2014\/10\/Lidl2.jpg\" alt=\"Lidl2\" width=\"700\" height=\"466\" srcset=\"https:\/\/madewithaloha.de\/wp-content\/uploads\/2014\/10\/Lidl2.jpg 700w, https:\/\/madewithaloha.de\/wp-content\/uploads\/2014\/10\/Lidl2-300x200.jpg 300w\" sizes=\"auto, (max-width: 700px) 100vw, 700px\" \/><\/a><\/p>\n<p>&nbsp;<\/p>\n<p>&nbsp;<\/p>\n<p><a href=\"https:\/\/madewithaloha.de\/wp-content\/uploads\/2014\/10\/07.Schnittkaese.jpg\"><img loading=\"lazy\" decoding=\"async\" class=\"aligncenter size-full wp-image-1731\" src=\"https:\/\/madewithaloha.de\/wp-content\/uploads\/2014\/10\/07.Schnittkaese.jpg\" alt=\"07.Schnittkaese\" width=\"700\" height=\"524\" srcset=\"https:\/\/madewithaloha.de\/wp-content\/uploads\/2014\/10\/07.Schnittkaese.jpg 700w, https:\/\/madewithaloha.de\/wp-content\/uploads\/2014\/10\/07.Schnittkaese-300x224.jpg 300w\" sizes=\"auto, (max-width: 700px) 100vw, 700px\" \/><\/a> <a href=\"https:\/\/madewithaloha.de\/wp-content\/uploads\/2014\/10\/06.Weichkaese_klein_und_gro\u00df.jpg\"><img loading=\"lazy\" decoding=\"async\" class=\"aligncenter size-full wp-image-1730\" src=\"https:\/\/madewithaloha.de\/wp-content\/uploads\/2014\/10\/06.Weichkaese_klein_und_gro&szlig;.jpg\" alt=\"06.Weichkaese_klein_und_gro\u00df\" width=\"700\" height=\"525\" \/><\/a> <a href=\"https:\/\/madewithaloha.de\/wp-content\/uploads\/2014\/10\/09.Butterkaese.jpg\"><img loading=\"lazy\" decoding=\"async\" class=\"aligncenter size-full wp-image-1733\" src=\"https:\/\/madewithaloha.de\/wp-content\/uploads\/2014\/10\/09.Butterkaese.jpg\" alt=\"09.Butterkaese\" width=\"700\" height=\"524\" srcset=\"https:\/\/madewithaloha.de\/wp-content\/uploads\/2014\/10\/09.Butterkaese.jpg 700w, https:\/\/madewithaloha.de\/wp-content\/uploads\/2014\/10\/09.Butterkaese-300x224.jpg 300w\" sizes=\"auto, (max-width: 700px) 100vw, 700px\" \/><\/a><\/p>\n<p>&nbsp;<\/p>\n<p>&nbsp;<\/p>\n<p>&nbsp;<\/p>\n<p><a href=\"https:\/\/madewithaloha.de\/wp-content\/uploads\/2014\/10\/Ausschnitt.jpg\"><img loading=\"lazy\" decoding=\"async\" class=\"aligncenter size-full wp-image-1726\" src=\"https:\/\/madewithaloha.de\/wp-content\/uploads\/2014\/10\/Ausschnitt.jpg\" alt=\"Ausschnitt\" width=\"700\" height=\"217\" srcset=\"https:\/\/madewithaloha.de\/wp-content\/uploads\/2014\/10\/Ausschnitt.jpg 700w, https:\/\/madewithaloha.de\/wp-content\/uploads\/2014\/10\/Ausschnitt-300x93.jpg 300w\" sizes=\"auto, (max-width: 700px) 100vw, 700px\" \/><\/a><\/p>\n<p><a href=\"https:\/\/madewithaloha.de\/wp-content\/uploads\/2014\/10\/Alnatura.jpg\"><img loading=\"lazy\" decoding=\"async\" class=\"aligncenter size-full wp-image-1718\" src=\"https:\/\/madewithaloha.de\/wp-content\/uploads\/2014\/10\/Blumenband.jpg\" alt=\"Blumenband\" width=\"700\" height=\"153\" srcset=\"https:\/\/madewithaloha.de\/wp-content\/uploads\/2014\/10\/Blumenband.jpg 700w, https:\/\/madewithaloha.de\/wp-content\/uploads\/2014\/10\/Blumenband-300x65.jpg 300w\" sizes=\"auto, (max-width: 700px) 100vw, 700px\" \/><\/a><\/p>\n<p><a href=\"https:\/\/madewithaloha.de\/wp-content\/uploads\/2014\/10\/Alnatura.jpg\"><img loading=\"lazy\" decoding=\"async\" class=\"aligncenter size-full wp-image-1725\" src=\"https:\/\/madewithaloha.de\/wp-content\/uploads\/2014\/10\/Alnatura.jpg\" alt=\"Alnatura\" width=\"700\" height=\"168\" srcset=\"https:\/\/madewithaloha.de\/wp-content\/uploads\/2014\/10\/Alnatura.jpg 700w, https:\/\/madewithaloha.de\/wp-content\/uploads\/2014\/10\/Alnatura-300x72.jpg 300w\" sizes=\"auto, (max-width: 700px) 100vw, 700px\" \/><\/a><\/p>\n<p>&nbsp;<\/p>\n<p>Photography:Tina Engel, Styling: Judith Hinterding<\/p>\n<p><a href=\"https:\/\/madewithaloha.de\/wp-content\/uploads\/2016\/09\/Untitled-1.jpg\"><img loading=\"lazy\" decoding=\"async\" class=\"aligncenter size-full wp-image-8695\" src=\"https:\/\/madewithaloha.de\/wp-content\/uploads\/2016\/09\/Untitled-1.jpg\" alt=\"Fall soups\" width=\"700\" height=\"525\" srcset=\"https:\/\/madewithaloha.de\/wp-content\/uploads\/2016\/09\/Untitled-1.jpg 700w, https:\/\/madewithaloha.de\/wp-content\/uploads\/2016\/09\/Untitled-1-300x225.jpg 300w\" sizes=\"auto, (max-width: 700px) 100vw, 700px\" \/><\/a><\/p>\n<p><a href=\"https:\/\/madewithaloha.de\/wp-content\/uploads\/2016\/09\/Untitled-2.jpg\"><img loading=\"lazy\" decoding=\"async\" class=\"aligncenter size-full wp-image-8693\" src=\"https:\/\/madewithaloha.de\/wp-content\/uploads\/2016\/09\/Untitled-2.jpg\" alt=\"Gem\u00fcseeintopf und Portobello\" width=\"700\" height=\"525\" srcset=\"https:\/\/madewithaloha.de\/wp-content\/uploads\/2016\/09\/Untitled-2.jpg 700w, https:\/\/madewithaloha.de\/wp-content\/uploads\/2016\/09\/Untitled-2-300x225.jpg 300w\" sizes=\"auto, (max-width: 700px) 100vw, 700px\" \/><\/a><\/p>\n<p><a href=\"https:\/\/madewithaloha.de\/wp-content\/uploads\/2016\/09\/Untitled-3.jpg\"><img loading=\"lazy\" decoding=\"async\" class=\"aligncenter size-full wp-image-8691\" src=\"https:\/\/madewithaloha.de\/wp-content\/uploads\/2016\/09\/Untitled-3.jpg\" alt=\"Sanddorn-Tee, Brownie\" width=\"700\" height=\"525\" srcset=\"https:\/\/madewithaloha.de\/wp-content\/uploads\/2016\/09\/Untitled-3.jpg 700w, https:\/\/madewithaloha.de\/wp-content\/uploads\/2016\/09\/Untitled-3-300x225.jpg 300w\" sizes=\"auto, (max-width: 700px) 100vw, 700px\" \/><\/a><\/p>\n<p><a href=\"https:\/\/madewithaloha.de\/wp-content\/uploads\/2016\/09\/IMG_0004.jpg\"><img loading=\"lazy\" decoding=\"async\" class=\"aligncenter wp-image-8689\" src=\"https:\/\/madewithaloha.de\/wp-content\/uploads\/2016\/09\/IMG_0004.jpg\" alt=\"Raw chocolate\" width=\"350\" height=\"467\" srcset=\"https:\/\/madewithaloha.de\/wp-content\/uploads\/2016\/09\/IMG_0004.jpg 900w, https:\/\/madewithaloha.de\/wp-content\/uploads\/2016\/09\/IMG_0004-225x300.jpg 225w, https:\/\/madewithaloha.de\/wp-content\/uploads\/2016\/09\/IMG_0004-768x1024.jpg 768w\" sizes=\"auto, (max-width: 350px) 100vw, 350px\" \/><\/a><\/p>\n<p>&nbsp;<\/p>\n<p>Das Copyright der unter Referenzen gezeigten Bilder liegt bei den jeweils genannten Fotografen.<\/p>\n<p>The copyright of the images shown in \u201cReferences\u201d lies with the photographer mentioned in each case.<\/p>\n<p>&nbsp;<\/p>\n<div class=\"sk_clear_fx\"><\/div>\n","protected":false},"excerpt":{"rendered":"<p>Westwing\u00a0 Fotografie: Anca Savascu, \u00a9Westwing \/ Foodstyling: Tina Engel &nbsp; &nbsp; &nbsp; Christian Verlag Familien K\u00fcchengl\u00fcck, Sarah Schocke und Alexander D\u00f6lle Food-Fotografie: Tina&hellip;<\/p>\n","protected":false},"author":1,"featured_media":0,"parent":0,"menu_order":0,"comment_status":"closed","ping_status":"closed","template":"","meta":{"footnotes":""},"class_list":["post-4945","page","type-page","status-publish","hentry"],"_links":{"self":[{"href":"https:\/\/madewithaloha.de\/en\/wp-json\/wp\/v2\/pages\/4945","targetHints":{"allow":["GET"]}}],"collection":[{"href":"https:\/\/madewithaloha.de\/en\/wp-json\/wp\/v2\/pages"}],"about":[{"href":"https:\/\/madewithaloha.de\/en\/wp-json\/wp\/v2\/types\/page"}],"author":[{"embeddable":true,"href":"https:\/\/madewithaloha.de\/en\/wp-json\/wp\/v2\/users\/1"}],"replies":[{"embeddable":true,"href":"https:\/\/madewithaloha.de\/en\/wp-json\/wp\/v2\/comments?post=4945"}],"version-history":[{"count":0,"href":"https:\/\/madewithaloha.de\/en\/wp-json\/wp\/v2\/pages\/4945\/revisions"}],"wp:attachment":[{"href":"https:\/\/madewithaloha.de\/en\/wp-json\/wp\/v2\/media?parent=4945"}],"curies":[{"name":"wp","href":"https:\/\/api.w.org\/{rel}","templated":true}]}}